{"id":4118,"date":"2019-11-12T15:27:31","date_gmt":"2019-11-12T14:27:31","guid":{"rendered":"https:\/\/www.magic-x.ch\/blog\/service-clients\/"},"modified":"2020-02-03T17:11:23","modified_gmt":"2020-02-03T16:11:23","slug":"service-clients","status":"publish","type":"page","link":"https:\/\/blog.magic-x.ch\/fr\/service-clients\/","title":{"rendered":"Service clients"},"content":{"rendered":"\t\t<div data-elementor-type=\"wp-page\" data-elementor-id=\"4118\" class=\"elementor elementor-4118 elementor-4078\" data-elementor-post-type=\"page\">\n\t\t\t\t\t\t<section class=\"elementor-section elementor-top-section elementor-element elementor-element-c196fe4 elementor-section-boxed elementor-section-height-default elementor-section-height-default\" data-id=\"c196fe4\" data-element_type=\"section\" data-e-type=\"section\" data-settings=\"{&quot;background_background&quot;:&quot;classic&quot;}\">\n\t\t\t\t\t\t<div class=\"elementor-container elementor-column-gap-default\">\n\t\t\t\t\t<div class=\"elementor-column elementor-col-100 elementor-top-column elementor-element elementor-element-37ec4f1\" data-id=\"37ec4f1\" data-element_type=\"column\" data-e-type=\"column\">\n\t\t\t<div class=\"elementor-widget-wrap elementor-element-populated\">\n\t\t\t\t\t\t<div class=\"elementor-element elementor-element-28185bb elementor-widget elementor-widget-theme-post-title elementor-page-title elementor-widget-heading\" data-id=\"28185bb\" data-element_type=\"widget\" data-e-type=\"widget\" data-widget_type=\"theme-post-title.default\">\n\t\t\t\t<div class=\"elementor-widget-container\">\n\t\t\t\t\t<h1 class=\"elementor-heading-title elementor-size-default\">Service clients<\/h1>\t\t\t\t<\/div>\n\t\t\t\t<\/div>\n\t\t\t\t\t<\/div>\n\t\t<\/div>\n\t\t\t\t\t<\/div>\n\t\t<\/section>\n\t\t\t\t<section class=\"elementor-section elementor-top-section elementor-element elementor-element-802959b elementor-section-boxed elementor-section-height-default elementor-section-height-default\" data-id=\"802959b\" data-element_type=\"section\" data-e-type=\"section\">\n\t\t\t\t\t\t<div class=\"elementor-container elementor-column-gap-no\">\n\t\t\t\t\t<div class=\"elementor-column elementor-col-100 elementor-top-column elementor-element elementor-element-be98862\" data-id=\"be98862\" data-element_type=\"column\" data-e-type=\"column\">\n\t\t\t<div class=\"elementor-widget-wrap elementor-element-populated\">\n\t\t\t\t\t\t<div class=\"elementor-element elementor-element-2595d63 elementor-widget elementor-widget-image\" data-id=\"2595d63\" data-element_type=\"widget\" data-e-type=\"widget\" data-widget_type=\"image.default\">\n\t\t\t\t<div class=\"elementor-widget-container\">\n\t\t\t\t\t\t\t\t\t\t\t\t\t\t\t<img fetchpriority=\"high\" decoding=\"async\" width=\"1181\" height=\"240\" src=\"https:\/\/blog.magic-x.ch\/wp-content\/uploads\/2020\/01\/blog-background.jpg\" class=\"attachment-full size-full wp-image-5539\" alt=\"\" srcset=\"https:\/\/blog.magic-x.ch\/wp-content\/uploads\/2020\/01\/blog-background.jpg 1181w, https:\/\/blog.magic-x.ch\/wp-content\/uploads\/2020\/01\/blog-background-768x156.jpg 768w\" sizes=\"(max-width: 1181px) 100vw, 1181px\" \/>\t\t\t\t\t\t\t\t\t\t\t\t\t\t\t<\/div>\n\t\t\t\t<\/div>\n\t\t\t\t<div class=\"elementor-element elementor-element-8672363 elementor-hidden-phone elementor-widget elementor-widget-text-editor\" data-id=\"8672363\" data-element_type=\"widget\" data-e-type=\"widget\" data-widget_type=\"text-editor.default\">\n\t\t\t\t<div class=\"elementor-widget-container\">\n\t\t\t\t\t\t\t\t\t<h3>Tu as des questions?<\/h3><p>Si tu as des questions concernant notre offre ou si tu n\u2019es<br \/>pas satisfait de la livraison, contacte-nous. Que ce soit par<br \/>courrier \u00e9lectronique, T\u00e9l\u00e9phone ou chat.<br \/>Nous sommes toujours l\u00e0 pour toi.<\/p>\t\t\t\t\t\t\t\t<\/div>\n\t\t\t\t<\/div>\n\t\t\t\t<div class=\"elementor-element elementor-element-4d42bdd elementor-hidden-desktop elementor-hidden-tablet elementor-widget elementor-widget-text-editor\" data-id=\"4d42bdd\" data-element_type=\"widget\" data-e-type=\"widget\" data-widget_type=\"text-editor.default\">\n\t\t\t\t<div class=\"elementor-widget-container\">\n\t\t\t\t\t\t\t\t\t<h3>Tu as des questions?<\/h3>\nSi tu as des questions concernant notre offre ou si tu n\u2019es \npas satisfait de la livraison, contacte-nous. Que ce soit par\ncourrier \u00e9lectronique, T\u00e9l\u00e9phone ou chat.\nNous sommes toujours l\u00e0 pour toi.\t\t\t\t\t\t\t\t<\/div>\n\t\t\t\t<\/div>\n\t\t\t\t\t<\/div>\n\t\t<\/div>\n\t\t\t\t\t<\/div>\n\t\t<\/section>\n\t\t\t\t<section class=\"elementor-section elementor-top-section elementor-element elementor-element-099c864 elementor-section-boxed elementor-section-height-default elementor-section-height-default\" data-id=\"099c864\" data-element_type=\"section\" data-e-type=\"section\">\n\t\t\t\t\t\t<div class=\"elementor-container elementor-column-gap-default\">\n\t\t\t\t\t<div class=\"elementor-column elementor-col-33 elementor-top-column elementor-element elementor-element-ac6d3b8\" data-id=\"ac6d3b8\" data-element_type=\"column\" data-e-type=\"column\" data-settings=\"{&quot;background_background&quot;:&quot;classic&quot;}\">\n\t\t\t<div class=\"elementor-widget-wrap elementor-element-populated\">\n\t\t\t\t\t\t<div class=\"elementor-element elementor-element-b75fe82 elementor-view-default elementor-position-block-start elementor-mobile-position-block-start elementor-widget elementor-widget-icon-box\" data-id=\"b75fe82\" data-element_type=\"widget\" data-e-type=\"widget\" data-widget_type=\"icon-box.default\">\n\t\t\t\t<div class=\"elementor-widget-container\">\n\t\t\t\t\t\t\t<div class=\"elementor-icon-box-wrapper\">\n\n\t\t\t\t\t\t<div class=\"elementor-icon-box-icon\">\n\t\t\t\t<span  class=\"elementor-icon\">\n\t\t\t\t<i aria-hidden=\"true\" class=\"fas fa-mail-bulk\"><\/i>\t\t\t\t<\/span>\n\t\t\t<\/div>\n\t\t\t\n\t\t\t\t\t\t<div class=\"elementor-icon-box-content\">\n\n\t\t\t\t\t\t\t\t\t<h3 class=\"elementor-icon-box-title\">\n\t\t\t\t\t\t<span  >\n\t\t\t\t\t\t\t<a href=\"mailto:info@magic-x.com\">info@magic-x.com<\/a>\t\t\t\t\t\t<\/span>\n\t\t\t\t\t<\/h3>\n\t\t\t\t\n\t\t\t\t\t\t\t\t\t<p class=\"elementor-icon-box-description\">\n\t\t\t\t\t\t\n\n\t\t\t\t\t<\/p>\n\t\t\t\t\n\t\t\t<\/div>\n\t\t\t\n\t\t<\/div>\n\t\t\t\t\t\t<\/div>\n\t\t\t\t<\/div>\n\t\t\t\t\t<\/div>\n\t\t<\/div>\n\t\t\t\t<div class=\"elementor-column elementor-col-33 elementor-top-column elementor-element elementor-element-62eeaef\" data-id=\"62eeaef\" data-element_type=\"column\" data-e-type=\"column\" data-settings=\"{&quot;background_background&quot;:&quot;classic&quot;}\">\n\t\t\t<div class=\"elementor-widget-wrap elementor-element-populated\">\n\t\t\t\t\t\t<div class=\"elementor-element elementor-element-0336cba elementor-view-default elementor-position-block-start elementor-mobile-position-block-start elementor-widget elementor-widget-icon-box\" data-id=\"0336cba\" data-element_type=\"widget\" data-e-type=\"widget\" data-widget_type=\"icon-box.default\">\n\t\t\t\t<div class=\"elementor-widget-container\">\n\t\t\t\t\t\t\t<div class=\"elementor-icon-box-wrapper\">\n\n\t\t\t\t\t\t<div class=\"elementor-icon-box-icon\">\n\t\t\t\t<span  class=\"elementor-icon\">\n\t\t\t\t<i aria-hidden=\"true\" class=\"fas fa-phone-volume\"><\/i>\t\t\t\t<\/span>\n\t\t\t<\/div>\n\t\t\t\n\t\t\t\t\t\t<div class=\"elementor-icon-box-content\">\n\n\t\t\t\t\t\t\t\t\t<h3 class=\"elementor-icon-box-title\">\n\t\t\t\t\t\t<span  >\n\t\t\t\t\t\t\t<a href=\"tel:0522340666\">052 234 06 66<\/a>\t\t\t\t\t\t<\/span>\n\t\t\t\t\t<\/h3>\n\t\t\t\t\n\t\t\t\t\t\t\t\t\t<p class=\"elementor-icon-box-description\">\n\t\t\t\t\t\t\n\n\t\t\t\t\t<\/p>\n\t\t\t\t\n\t\t\t<\/div>\n\t\t\t\n\t\t<\/div>\n\t\t\t\t\t\t<\/div>\n\t\t\t\t<\/div>\n\t\t\t\t\t<\/div>\n\t\t<\/div>\n\t\t\t\t<div class=\"elementor-column elementor-col-33 elementor-top-column elementor-element elementor-element-e44db70\" data-id=\"e44db70\" data-element_type=\"column\" data-e-type=\"column\" data-settings=\"{&quot;background_background&quot;:&quot;classic&quot;}\">\n\t\t\t<div class=\"elementor-widget-wrap elementor-element-populated\">\n\t\t\t\t\t\t<div class=\"elementor-element elementor-element-d1d1b46 elementor-view-default elementor-position-block-start elementor-mobile-position-block-start elementor-widget elementor-widget-icon-box\" data-id=\"d1d1b46\" data-element_type=\"widget\" data-e-type=\"widget\" data-widget_type=\"icon-box.default\">\n\t\t\t\t<div class=\"elementor-widget-container\">\n\t\t\t\t\t\t\t<div class=\"elementor-icon-box-wrapper\">\n\n\t\t\t\t\t\t<div class=\"elementor-icon-box-icon\">\n\t\t\t\t<span  class=\"elementor-icon\">\n\t\t\t\t<i aria-hidden=\"true\" class=\"fas fa-mail-bulk\"><\/i>\t\t\t\t<\/span>\n\t\t\t<\/div>\n\t\t\t\n\t\t\t\t\t\t<div class=\"elementor-icon-box-content\">\n\n\t\t\t\t\t\t\t\t\t<h3 class=\"elementor-icon-box-title\">\n\t\t\t\t\t\t<span  >\n\t\t\t\t\t\t\t<a href=\"https:\/\/tawk.to\/chat\/5d7fa340c22bdd393bb61622\/1dpuu9nge\">Chatter avec nous<\/a>\t\t\t\t\t\t<\/span>\n\t\t\t\t\t<\/h3>\n\t\t\t\t\n\t\t\t\t\t\t\t\t\t<p class=\"elementor-icon-box-description\">\n\t\t\t\t\t\t\n\n\n\n\t\t\t\t\t<\/p>\n\t\t\t\t\n\t\t\t<\/div>\n\t\t\t\n\t\t<\/div>\n\t\t\t\t\t\t<\/div>\n\t\t\t\t<\/div>\n\t\t\t\t\t<\/div>\n\t\t<\/div>\n\t\t\t\t\t<\/div>\n\t\t<\/section>\n\t\t\t\t<section class=\"elementor-section elementor-top-section elementor-element elementor-element-88bd823 elementor-section-content-middle elementor-section-boxed elementor-section-height-default elementor-section-height-default\" data-id=\"88bd823\" data-element_type=\"section\" data-e-type=\"section\" data-settings=\"{&quot;background_background&quot;:&quot;classic&quot;}\">\n\t\t\t\t\t\t<div class=\"elementor-container elementor-column-gap-default\">\n\t\t\t\t\t<div class=\"elementor-column elementor-col-50 elementor-top-column elementor-element elementor-element-61e7b78\" data-id=\"61e7b78\" data-element_type=\"column\" data-e-type=\"column\">\n\t\t\t<div class=\"elementor-widget-wrap elementor-element-populated\">\n\t\t\t\t\t\t<div class=\"elementor-element elementor-element-ed3f0e0 elementor-view-default elementor-widget elementor-widget-icon\" data-id=\"ed3f0e0\" data-element_type=\"widget\" data-e-type=\"widget\" data-widget_type=\"icon.default\">\n\t\t\t\t<div class=\"elementor-widget-container\">\n\t\t\t\t\t\t\t<div class=\"elementor-icon-wrapper\">\n\t\t\t<div class=\"elementor-icon\">\n\t\t\t<i aria-hidden=\"true\" class=\"fas fa-info\"><\/i>\t\t\t<\/div>\n\t\t<\/div>\n\t\t\t\t\t\t<\/div>\n\t\t\t\t<\/div>\n\t\t\t\t\t<\/div>\n\t\t<\/div>\n\t\t\t\t<div class=\"elementor-column elementor-col-50 elementor-top-column elementor-element elementor-element-7577b9f\" data-id=\"7577b9f\" data-element_type=\"column\" data-e-type=\"column\">\n\t\t\t<div class=\"elementor-widget-wrap elementor-element-populated\">\n\t\t\t\t\t\t<div class=\"elementor-element elementor-element-274c757 elementor-widget elementor-widget-text-editor\" data-id=\"274c757\" data-element_type=\"widget\" data-e-type=\"widget\" data-widget_type=\"text-editor.default\">\n\t\t\t\t<div class=\"elementor-widget-container\">\n\t\t\t\t\t\t\t\t\tNous ferons tout notre possible pour traiter ta demande le plus rapidement possible. Parce que chez Magic X, un bon service \u00e0 la client\u00e8le est tout aussi important que \u00e0 une commande comme des offres exceptionnelles dans le magasin !\t\t\t\t\t\t\t\t<\/div>\n\t\t\t\t<\/div>\n\t\t\t\t\t<\/div>\n\t\t<\/div>\n\t\t\t\t\t<\/div>\n\t\t<\/section>\n\t\t\t\t<\/div>\n\t\t","protected":false},"excerpt":{"rendered":"<p>Tu as des questions? Si tu as des questions concernant notre offre ou si tu n\u2019espas satisfait de la livraison, contacte-nous. Que ce soit parcourrier \u00e9lectronique, T\u00e9l\u00e9phone ou chat.Nous sommes toujours l\u00e0 pour toi. Tu as des questions? Si tu as des questions concernant notre offre ou si tu n\u2019es pas satisfait de la livraison, [&hellip;]<\/p>\n","protected":false},"author":1,"featured_media":0,"parent":0,"menu_order":0,"comment_status":"closed","ping_status":"closed","template":"elementor_header_footer","meta":{"_acf_changed":false,"footnotes":""},"class_list":["post-4118","page","type-page","status-publish","hentry"],"acf":[],"yoast_head":"<!-- This site is optimized with the Yoast SEO Premium plugin v27.5 (Yoast SEO v27.5) - https:\/\/yoast.com\/product\/yoast-seo-premium-wordpress\/ -->\n<title>Service clients | Magic-X<\/title>\n<meta name=\"robots\" content=\"index, follow, max-snippet:-1, max-image-preview:large, max-video-preview:-1\" \/>\n<link rel=\"canonical\" href=\"https:\/\/blog.magic-x.ch\/fr\/service-clients\/\" \/>\n<meta property=\"og:locale\" content=\"fr_FR\" \/>\n<meta property=\"og:type\" content=\"article\" \/>\n<meta property=\"og:title\" content=\"Service clients\" \/>\n<meta property=\"og:description\" content=\"Tu as des questions? Si tu as des questions concernant notre offre ou si tu n\u2019espas satisfait de la livraison, contacte-nous. Que ce soit parcourrier \u00e9lectronique, T\u00e9l\u00e9phone ou chat.Nous sommes toujours l\u00e0 pour toi. Tu as des questions? Si tu as des questions concernant notre offre ou si tu n\u2019es pas satisfait de la livraison, [&hellip;]\" \/>\n<meta property=\"og:url\" content=\"https:\/\/blog.magic-x.ch\/fr\/service-clients\/\" \/>\n<meta property=\"og:site_name\" content=\"Magic-X\" \/>\n<meta property=\"article:publisher\" content=\"https:\/\/www.facebook.com\/magicxcom\" \/>\n<meta property=\"article:modified_time\" content=\"2020-02-03T16:11:23+00:00\" \/>\n<meta property=\"og:image\" content=\"https:\/\/blog.magic-x.ch\/wp-content\/uploads\/2020\/01\/blog-background.jpg\" \/>\n<meta name=\"twitter:card\" content=\"summary_large_image\" \/>\n<meta name=\"twitter:label1\" content=\"Dur\u00e9e de lecture estim\u00e9e\" \/>\n\t<meta name=\"twitter:data1\" content=\"1 minute\" \/>\n<script type=\"application\/ld+json\" class=\"yoast-schema-graph\">{\"@context\":\"https:\\\/\\\/schema.org\",\"@graph\":[{\"@type\":\"WebPage\",\"@id\":\"https:\\\/\\\/blog.magic-x.ch\\\/fr\\\/service-clients\\\/\",\"url\":\"https:\\\/\\\/blog.magic-x.ch\\\/fr\\\/service-clients\\\/\",\"name\":\"Service clients | Magic-X\",\"isPartOf\":{\"@id\":\"https:\\\/\\\/blog.magic-x.ch\\\/fr\\\/#website\"},\"primaryImageOfPage\":{\"@id\":\"https:\\\/\\\/blog.magic-x.ch\\\/fr\\\/service-clients\\\/#primaryimage\"},\"image\":{\"@id\":\"https:\\\/\\\/blog.magic-x.ch\\\/fr\\\/service-clients\\\/#primaryimage\"},\"thumbnailUrl\":\"https:\\\/\\\/blog.magic-x.ch\\\/wp-content\\\/uploads\\\/2020\\\/01\\\/blog-background.jpg\",\"datePublished\":\"2019-11-12T14:27:31+00:00\",\"dateModified\":\"2020-02-03T16:11:23+00:00\",\"breadcrumb\":{\"@id\":\"https:\\\/\\\/blog.magic-x.ch\\\/fr\\\/service-clients\\\/#breadcrumb\"},\"inLanguage\":\"fr-FR\",\"potentialAction\":[{\"@type\":\"ReadAction\",\"target\":[\"https:\\\/\\\/blog.magic-x.ch\\\/fr\\\/service-clients\\\/\"]}]},{\"@type\":\"ImageObject\",\"inLanguage\":\"fr-FR\",\"@id\":\"https:\\\/\\\/blog.magic-x.ch\\\/fr\\\/service-clients\\\/#primaryimage\",\"url\":\"https:\\\/\\\/blog.magic-x.ch\\\/wp-content\\\/uploads\\\/2020\\\/01\\\/blog-background.jpg\",\"contentUrl\":\"https:\\\/\\\/blog.magic-x.ch\\\/wp-content\\\/uploads\\\/2020\\\/01\\\/blog-background.jpg\"},{\"@type\":\"BreadcrumbList\",\"@id\":\"https:\\\/\\\/blog.magic-x.ch\\\/fr\\\/service-clients\\\/#breadcrumb\",\"itemListElement\":[{\"@type\":\"ListItem\",\"position\":1,\"name\":\"Home\",\"item\":\"https:\\\/\\\/blog.magic-x.ch\\\/fr\\\/\"},{\"@type\":\"ListItem\",\"position\":2,\"name\":\"Service clients\"}]},{\"@type\":\"WebSite\",\"@id\":\"https:\\\/\\\/blog.magic-x.ch\\\/fr\\\/#website\",\"url\":\"https:\\\/\\\/blog.magic-x.ch\\\/fr\\\/\",\"name\":\"Magic-X\",\"description\":\"Spannende Sextipps, die neusten Sextoys im Test, News aus der Wert der Erotik und vieles mehr!\",\"publisher\":{\"@id\":\"https:\\\/\\\/blog.magic-x.ch\\\/fr\\\/#organization\"},\"potentialAction\":[{\"@type\":\"SearchAction\",\"target\":{\"@type\":\"EntryPoint\",\"urlTemplate\":\"https:\\\/\\\/blog.magic-x.ch\\\/fr\\\/?s={search_term_string}\"},\"query-input\":{\"@type\":\"PropertyValueSpecification\",\"valueRequired\":true,\"valueName\":\"search_term_string\"}}],\"inLanguage\":\"fr-FR\"},{\"@type\":\"Organization\",\"@id\":\"https:\\\/\\\/blog.magic-x.ch\\\/fr\\\/#organization\",\"name\":\"Magic X Erotic Megastore\",\"url\":\"https:\\\/\\\/blog.magic-x.ch\\\/fr\\\/\",\"logo\":{\"@type\":\"ImageObject\",\"inLanguage\":\"fr-FR\",\"@id\":\"https:\\\/\\\/blog.magic-x.ch\\\/fr\\\/#\\\/schema\\\/logo\\\/image\\\/\",\"url\":\"https:\\\/\\\/blog.magic-x.ch\\\/wp-content\\\/uploads\\\/2019\\\/07\\\/MagicX_logo.png\",\"contentUrl\":\"https:\\\/\\\/blog.magic-x.ch\\\/wp-content\\\/uploads\\\/2019\\\/07\\\/MagicX_logo.png\",\"width\":200,\"height\":58,\"caption\":\"Magic X Erotic Megastore\"},\"image\":{\"@id\":\"https:\\\/\\\/blog.magic-x.ch\\\/fr\\\/#\\\/schema\\\/logo\\\/image\\\/\"},\"sameAs\":[\"https:\\\/\\\/www.facebook.com\\\/magicxcom\"]}]}<\/script>\n<!-- \/ Yoast SEO Premium plugin. -->","yoast_head_json":{"title":"Service clients | Magic-X","robots":{"index":"index","follow":"follow","max-snippet":"max-snippet:-1","max-image-preview":"max-image-preview:large","max-video-preview":"max-video-preview:-1"},"canonical":"https:\/\/blog.magic-x.ch\/fr\/service-clients\/","og_locale":"fr_FR","og_type":"article","og_title":"Service clients","og_description":"Tu as des questions? Si tu as des questions concernant notre offre ou si tu n\u2019espas satisfait de la livraison, contacte-nous. Que ce soit parcourrier \u00e9lectronique, T\u00e9l\u00e9phone ou chat.Nous sommes toujours l\u00e0 pour toi. Tu as des questions? Si tu as des questions concernant notre offre ou si tu n\u2019es pas satisfait de la livraison, [&hellip;]","og_url":"https:\/\/blog.magic-x.ch\/fr\/service-clients\/","og_site_name":"Magic-X","article_publisher":"https:\/\/www.facebook.com\/magicxcom","article_modified_time":"2020-02-03T16:11:23+00:00","og_image":[{"url":"https:\/\/blog.magic-x.ch\/wp-content\/uploads\/2020\/01\/blog-background.jpg","type":"","width":"","height":""}],"twitter_card":"summary_large_image","twitter_misc":{"Dur\u00e9e de lecture estim\u00e9e":"1 minute"},"schema":{"@context":"https:\/\/schema.org","@graph":[{"@type":"WebPage","@id":"https:\/\/blog.magic-x.ch\/fr\/service-clients\/","url":"https:\/\/blog.magic-x.ch\/fr\/service-clients\/","name":"Service clients | Magic-X","isPartOf":{"@id":"https:\/\/blog.magic-x.ch\/fr\/#website"},"primaryImageOfPage":{"@id":"https:\/\/blog.magic-x.ch\/fr\/service-clients\/#primaryimage"},"image":{"@id":"https:\/\/blog.magic-x.ch\/fr\/service-clients\/#primaryimage"},"thumbnailUrl":"https:\/\/blog.magic-x.ch\/wp-content\/uploads\/2020\/01\/blog-background.jpg","datePublished":"2019-11-12T14:27:31+00:00","dateModified":"2020-02-03T16:11:23+00:00","breadcrumb":{"@id":"https:\/\/blog.magic-x.ch\/fr\/service-clients\/#breadcrumb"},"inLanguage":"fr-FR","potentialAction":[{"@type":"ReadAction","target":["https:\/\/blog.magic-x.ch\/fr\/service-clients\/"]}]},{"@type":"ImageObject","inLanguage":"fr-FR","@id":"https:\/\/blog.magic-x.ch\/fr\/service-clients\/#primaryimage","url":"https:\/\/blog.magic-x.ch\/wp-content\/uploads\/2020\/01\/blog-background.jpg","contentUrl":"https:\/\/blog.magic-x.ch\/wp-content\/uploads\/2020\/01\/blog-background.jpg"},{"@type":"BreadcrumbList","@id":"https:\/\/blog.magic-x.ch\/fr\/service-clients\/#breadcrumb","itemListElement":[{"@type":"ListItem","position":1,"name":"Home","item":"https:\/\/blog.magic-x.ch\/fr\/"},{"@type":"ListItem","position":2,"name":"Service clients"}]},{"@type":"WebSite","@id":"https:\/\/blog.magic-x.ch\/fr\/#website","url":"https:\/\/blog.magic-x.ch\/fr\/","name":"Magic-X","description":"Spannende Sextipps, die neusten Sextoys im Test, News aus der Wert der Erotik und vieles mehr!","publisher":{"@id":"https:\/\/blog.magic-x.ch\/fr\/#organization"},"potentialAction":[{"@type":"SearchAction","target":{"@type":"EntryPoint","urlTemplate":"https:\/\/blog.magic-x.ch\/fr\/?s={search_term_string}"},"query-input":{"@type":"PropertyValueSpecification","valueRequired":true,"valueName":"search_term_string"}}],"inLanguage":"fr-FR"},{"@type":"Organization","@id":"https:\/\/blog.magic-x.ch\/fr\/#organization","name":"Magic X Erotic Megastore","url":"https:\/\/blog.magic-x.ch\/fr\/","logo":{"@type":"ImageObject","inLanguage":"fr-FR","@id":"https:\/\/blog.magic-x.ch\/fr\/#\/schema\/logo\/image\/","url":"https:\/\/blog.magic-x.ch\/wp-content\/uploads\/2019\/07\/MagicX_logo.png","contentUrl":"https:\/\/blog.magic-x.ch\/wp-content\/uploads\/2019\/07\/MagicX_logo.png","width":200,"height":58,"caption":"Magic X Erotic Megastore"},"image":{"@id":"https:\/\/blog.magic-x.ch\/fr\/#\/schema\/logo\/image\/"},"sameAs":["https:\/\/www.facebook.com\/magicxcom"]}]}},"_links":{"self":[{"href":"https:\/\/blog.magic-x.ch\/fr\/wp-json\/wp\/v2\/pages\/4118","targetHints":{"allow":["GET"]}}],"collection":[{"href":"https:\/\/blog.magic-x.ch\/fr\/wp-json\/wp\/v2\/pages"}],"about":[{"href":"https:\/\/blog.magic-x.ch\/fr\/wp-json\/wp\/v2\/types\/page"}],"author":[{"embeddable":true,"href":"https:\/\/blog.magic-x.ch\/fr\/wp-json\/wp\/v2\/users\/1"}],"replies":[{"embeddable":true,"href":"https:\/\/blog.magic-x.ch\/fr\/wp-json\/wp\/v2\/comments?post=4118"}],"version-history":[{"count":0,"href":"https:\/\/blog.magic-x.ch\/fr\/wp-json\/wp\/v2\/pages\/4118\/revisions"}],"wp:attachment":[{"href":"https:\/\/blog.magic-x.ch\/fr\/wp-json\/wp\/v2\/media?parent=4118"}],"curies":[{"name":"wp","href":"https:\/\/api.w.org\/{rel}","templated":true}]}}